{"id":3,"date":"2021-06-23T17:26:46","date_gmt":"2021-06-23T17:26:46","guid":{"rendered":"http:\/\/www.memexitaly.it\/?page_id=3"},"modified":"2022-04-13T08:13:52","modified_gmt":"2022-04-13T08:13:52","slug":"privacy","status":"publish","type":"page","link":"https:\/\/www.memexitaly.it\/it\/privacy\/","title":{"rendered":"Informativa Privacy"},"content":{"rendered":"<div class=\"wpb-content-wrapper\">[vc_row][vc_column]<h1 class=\"et-heading text-align-left highlight-false\" id=\"et-heading-438012\" ><span class=\"text-wrapper\"><span class=\"text\">Informativa Privacy<\/span><span class=\"curtain\"><\/span><\/span><\/h1>[vc_empty_space][vc_column_text animation_delay=&#8221;0&#8243;]\r\n<p>Modalit\u00e0 di gestione del nostro sito in riferimento al trattamento dei dati personali degli Utenti, ossia di coloro che lo consultano ed interagiscono con i nostri servizi web accessibili per via telematica a partire dall\u2019indirizzo: www.memexitaly.it (\u201cil Sito\u201d)<\/p>\r\n<p><strong>I. Previsioni generali<\/strong><br \/>Questa privacy \u00e8 predisposta ai sensi Decreto Legislativo n. 196\/2003 e successive modifiche, solo per il sito ufficiale della Memex Srl, con sede legale in Via Cairoli, 30 \u2013 57123 Livorno, tel. +39 0586 211646, fax +39 0586 211777 (il \u201cTitolare del trattamento dei dati personali\u201d, di seguito per brevit\u00e0 anche \u201cMemex\u201d, \u201cil Titolare\u201d o \u201cla Societ\u00e0\u201d) e non anche per altri siti web eventualmente consultati dall\u2019Utente tramite link presenti nel Sito.<br \/>In particolare, la fornitura di eventuali link a siti esterni al Titolare, che crediamo di interesse per l\u2019Utente, \u00e8 considerata un\u2019agevolazione, ma la Societ\u00e0 non ha alcun controllo sul loro contenuto. Si consiglia di leggere attentamente le politiche sulla privacy ed i termini d\u2019uso di questi siti, prima di fornire loro i propri dati personali.<br \/>In ogni momento ci si potr\u00e0 rivolgere al Titolare, per chiarimenti e precisazioni in merito al trattamento dei dati personali operato attraverso il Sito, alla pagina <a href=\"https:\/\/www.memexitaly.it\/dove-siamo\/\">contatti<\/a> (precisando nell\u2019oggetto \u201cPRIVACY\u201d).<br \/>I trattamenti connessi ai servizi web di questo sito sono effettuati dal Titolare e dai propri Incaricati, nei limiti dell\u2019incarico affidato loro.<br \/>I dati personali forniti dagli utenti che inoltrano richieste di invio di materiale informativo sono utilizzati al solo fine di eseguire il servizio o la prestazione richiesta e sono comunicati a terzi nel solo caso in cui ci\u00f2 sia a tal fine necessario.<\/p>\r\n<p><strong>II.Modalit\u00e0 di raccolta di dati<\/strong><br \/>La Societ\u00e0 raccoglie i dati relativi agli Utenti con le seguenti modalit\u00e0:<\/p>\r\n<ol>\r\n<li>Mezzi automatizzati, come protocolli di comunicazione e cookies<\/li>\r\n<li>Schermi di registrazione e moduli online<\/li>\r\n<li>Comunicazione con i clienti<\/li>\r\n<li>Comunicazione e tipi di interazione off-line<\/li>\r\n<li>Fonti d\u2019informazione possedute da terzi, quali gli elenchi di persone che hanno deciso di esservi incluse.<\/li>\r\n<\/ol>\r\n<p>In base al metodo di raccolta ed al loro utilizzo, i dati raccolti possono includere informazioni sugli Utenti desunte da moduli, schede di registrazione e transazioni (quali, ad esempio, nome e cognome, titolo, indirizzo, azienda o societ\u00e0, numero telefonico e indirizzo e-mail), informazioni<br \/>sull\u2019uso del Sito (come, ad esempio, protocolli di comunicazione, pagine Web visitate e cookies) e le preferenze degli Utenti stessi.<\/p>\r\n<p><strong>III. Acquisizione ed elaborazione dei dati personali<\/strong><br \/>Quando visitate il Sito, i Web server salvano normalmente il nome del Vostro Internet Service Provider, l\u2019indirizzo IP, l\u2019indirizzo dal quale ci state visitando, le pagine web che visitate presso di noi, nonch\u00e9 la data e la durata della visita. Questi dati vengono elaborati per analisi statistiche. Essi non sono collegati con dati personali.<br \/>Alcune parti del Sito usano cookies per raccogliere informazioni sull\u2019uso che i visitatori fanno del sito Web e per facilitarne il ritorno. Le informazioni raccolte con i cookies vengono rintracciate per aumentare la sicurezza e\/o migliorare la funzionalit\u00e0 del Sito, evitando l\u2019inserimento di dati duplicati, facilitando la navigazione, e aumentando l\u2019importanza del contenuto. Alcuni cookies utilizzati dalla Societ\u00e0 possono rimanere sul computer dell\u2019Utente dopo essere stati rimossi dal sito Web; tuttavia, la maggior parte dei cookies \u00e8 impostata per scadere entro un periodo dai 30 ai 365 giorni. I cookies possono costituire, inoltre, un vantaggio per l\u2019Utente, poich\u00e9 aiutano a semplificare la procedura di accesso al sito.<br \/>I dati personali verranno salvati solo nel caso l\u2019Utente acconsenta volontariamente al momento dell\u2019accettazione dei servizi offerti online e verranno, comunque, trattati in conformit\u00e0 con le finalit\u00e0 sottese alla loro raccolta.<\/p>\r\n<p><strong>IV. Dati raccolti e loro utilizzo<\/strong><br \/>La Societ\u00e0 raccoglie i dati degli Utenti anche per le seguenti finalit\u00e0:<\/p>\r\n<ol>\r\n<li>Dati concernenti la navigazione. I dati possono essere raccolti per aiutare a creare contenuto e navigazione per i siti Web pertinenti e di facile uso per il pubblico.<\/li>\r\n<li>Dati raccolti per adattarsi meglio alle esigenze degli Utenti. Le informazioni raccolte potranno essere utilizzate per future campagne commerciali ed al fine di riscontrare le richieste degli utenti e consentire un utilizzo del Sito il pi\u00f9 possibile comodo e semplice.<\/li>\r\n<li>Dati raccolti a seguito di una richiesta di informazioni: i dati raccolti a seguito di una richiesta di informazioni, di una registrazione, di riscontro ad una campagna di comunicazione ed a seguito di altre attivit\u00e0 similari, potranno essere usati per detti scopi.<\/li>\r\n<li>Dati raccolti a seguito di una richiesta di servizi o di supporto: le informazioni raccolte durante il processo possono includere dati ed informazioni relative ai prodotti ed ai servizi richiesti e potranno essere utilizzate per fornire quanto richiesto e\/o aggiornamenti. La Societ\u00e0 potr\u00e0 anche chiedere agli Utenti se desiderano condividere le proprie informazioni di contatto con altri partner selezionati che offrono prodotti o servizi complementari relativi alla richiesta. Se l\u2019Utente accetta, i dati vengono forniti ai partner al solo fine di rispondere alla richiesta di assistenza o di informazioni dell\u2019utente.<\/li>\r\n<li>Dati raccolti a seguito della partecipazione dell\u2019utente a discussioni interattive e\/o a forum: pu\u00f2 essere consentito agli Utenti di partecipare a discussioni interattive. Tutte sono soggette all\u2019accesso da parte di chi deve risolvere questioni tecniche. La Societ\u00e0 non controlla il contenuto inviato dagli Utenti e parte di questo contenuto pu\u00f2 avere la funzione di servire come forum di discussione.<\/li>\r\n<li>Dati forniti a seguito di necessit\u00e0 legali. La Societ\u00e0 pu\u00f2 ricevere richieste riguardanti la fornitura di dati raccolti in modo da agire in conformit\u00e0 con l\u2019obbligo legale di una denuncia, la divulgazione illegittima di dati o altre necessit\u00e0 connesse a procedure legali.<\/li>\r\n<\/ol>\r\n<p>In generale qualsiasi dato personale fornito volontariamente dai visitatori del Sito.<\/p>\r\n<p><strong>V. Trattamento dei dati, sicurezza e diritti degli Interessati<\/strong><br \/>I dati personali sono trattati con strumenti cartacei e\/o automatizzati per il tempo strettamente necessario a conseguire gli scopi per cui sono stati raccolti.<br \/>Specifiche misure di sicurezza sono osservate per prevenire la perdita dei dati, usi illeciti o non corretti ed accessi non autorizzati.<br \/>I soggetti cui si riferiscono i dati personali (\u201cl\u2019Interessato\u201d ovvero anche \u201cl\u2019Utente\u201d) hanno il diritto in qualunque momento di ottenere la conferma dell\u2019esistenza o meno di dati personali che lo riguardano, anche se non ancora registrati, e la loro comunicazione in forma intelligibile.<br \/>In particolare, l\u2019Interessato ha diritto di ottenere l\u2019indicazione:<\/p>\r\n<ul>\r\n<li>dell\u2019origine dei dati personali;<\/li>\r\n<li>delle finalit\u00e0 e modalit\u00e0 del trattamento;<\/li>\r\n<li>della logica applicata in caso di trattamento effettuato con l\u2019ausilio di strumenti elettronici;<\/li>\r\n<li>degli estremi identificativi del titolare, dei responsabili e del rappresentante designato ai sensi dell\u2019articolo 5, comma 2;<\/li>\r\n<li>dei soggetti o delle categorie di soggetti ai quali i dati personali possono essere comunicati o che possono venirne a conoscenza in qualit\u00e0 di rappresentante designato nel territorio dello Stato, di responsabili o incaricati.<\/li>\r\n<\/ul>\r\n<p>L\u2019Interessato ha, inoltre, diritto di ottenere:<\/p>\r\n<ul>\r\n<li>l\u2019aggiornamento, la rettificazione ovvero, quando vi ha interesse, l\u2019integrazione dei dati;<\/li>\r\n<li>la cancellazione, la trasformazione in forma anonima o il blocco dei dati trattati in violazione di legge, compresi quelli di cui non \u00e8 necessaria la conservazione in relazione agli scopi per i quali i dati sono stati raccolti o successivamente trattati;<\/li>\r\n<li>l\u2019attestazione che le operazioni di cui alle lettere a) e b) sono state portate a conoscenza, anche per quanto riguarda il loro contenuto, di coloro ai quali i dati sono stati comunicati o diffusi, eccettuato il caso in cui tale adempimento si rivela impossibile o comporta un impiego di mezzi manifestamente sproporzionato rispetto al diritto tutelato;<\/li>\r\n<\/ul>\r\n<p>e ha, infine, diritto di opporsi, in tutto o in parte:<\/p>\r\n<ul>\r\n<li>per motivi legittimi al trattamento dei dati personali che lo riguardano, ancorch\u00e9 pertinenti allo scopo della raccolta;<\/li>\r\n<li>al trattamento di dati personali che lo riguardano a fini di invio di materiale pubblicitario o di vendita diretta o per il compimento di ricerche di mercato o di comunicazione commerciale.<\/li>\r\n<\/ul>\r\n<p><strong>VI. Messaggi commerciali<\/strong><br \/>Memex potrebbe utilizzare terzi per amministrare un insieme limitato degli annunci pubblicitari sul proprio sito web. Nessun dato verr\u00e0 fornito agli inserzionisti come parte di questa procedura; tuttavia, si potranno utilizzare informazioni di profilo aggregate, quali comunit\u00e0 utenti, nella selezione della pubblicit\u00e0. Su alcuni degli annunci banner, potrebbe essere presente un pixel incorporato, che, pur non essendo associato a cookies o ad altre informazioni del profilo personale, potrebbe restituire informazioni sulla connessione che consente agli inserzionisti di determinare con maggior precisione il numero di utenti individuali che hanno fatto clic sul banner dell\u2019annuncio.<\/p>\r\n<p><strong>VII. Accessi<\/strong><br \/>La Societ\u00e0 Memex, nella sua qualit\u00e0 di Titolare, conserver\u00e0 i dati raccolti e consentir\u00e0 ogni integrazione e\/o modifica che si rendesse necessaria. Per qualsiasi necessit\u00e0 connessa con l\u2019utilizzo dei dati personali trattati dalla Societ\u00e0, Utilizzatori e visitatori potranno contattare quest\u2019ultima sia per e-mail sia per posta ordinaria.<br \/>Mentre la maggior parte delle domande e dei problemi relativi all\u2019accesso pu\u00f2 essere gestita rapidamente, per le richieste pi\u00f9 complesse potrebbero occorrere pi\u00f9 tempo e ricerche. In questi casi, i problemi di accesso saranno risolti entro 30 giorni, oppure si ricever\u00e0 un messaggio in cui si richiede di specificare la natura del problema e i passaggi successivi appropriati<\/p>\r\n<p><strong>VIII. Aggiornamenti della policy<\/strong><br \/>Nel caso sia necessario utilizzare i dati degli Utenti in modo diverso da quello dichiarato al momento della raccolta, invieremo una notifica via e-mail agli Utenti interessati. In questo modo, questi ultimi potranno decidere se permetterci di utilizzare questi dati nel modo diverso indicato nel messaggio. Inoltre, nel caso in cui vengano apportate modifiche materiali alle nostre pratiche sulla privacy che non influiscono sui dati degli Utenti gi\u00e0 memorizzati nel nostro database, avviseremo i medesimi via e-mail, o pubblicheremo un avviso ben visibile sul Sito, in cui si render\u00e0 nota la modifica. Potremo periodicamente aggiornare questa policy per descrivere in quale modo le nuove funzioni del sito influiranno sul nostro uso dei dati degli Utenti, e rendere questi ultimi consapevoli dell\u2019esistenza di nuove funzioni di controllo e preferenza offerte.<\/p>\r\n[\/vc_column_text][\/vc_column][\/vc_row]<\/div>","protected":false},"excerpt":{"rendered":"<p>[vc_row][vc_column][vc_empty_space][vc_column_text animation_delay=&#8221;0&#8243;] Modalit\u00e0 di gestione del nostro sito in riferimento al trattamento dei dati personali degli Utenti, ossia di coloro che lo consultano ed interagiscono con i nostri servizi web accessibili per via telematica a partire dall\u2019indirizzo: www.memexitaly.it (\u201cil Sito\u201d) I. Previsioni generaliQuesta privacy \u00e8 predisposta ai sensi Decreto Legislativo n. 196\/2003 e successive modifiche, [&hellip;]<\/p>\n","protected":false},"author":15,"featured_media":0,"parent":0,"menu_order":0,"comment_status":"closed","ping_status":"closed","template":"","meta":{"footnotes":""},"class_list":["post-3","page","type-page","status-publish","hentry"],"_links":{"self":[{"href":"https:\/\/www.memexitaly.it\/it\/wp-json\/wp\/v2\/pages\/3","targetHints":{"allow":["GET"]}}],"collection":[{"href":"https:\/\/www.memexitaly.it\/it\/wp-json\/wp\/v2\/pages"}],"about":[{"href":"https:\/\/www.memexitaly.it\/it\/wp-json\/wp\/v2\/types\/page"}],"author":[{"embeddable":true,"href":"https:\/\/www.memexitaly.it\/it\/wp-json\/wp\/v2\/users\/15"}],"replies":[{"embeddable":true,"href":"https:\/\/www.memexitaly.it\/it\/wp-json\/wp\/v2\/comments?post=3"}],"version-history":[{"count":0,"href":"https:\/\/www.memexitaly.it\/it\/wp-json\/wp\/v2\/pages\/3\/revisions"}],"wp:attachment":[{"href":"https:\/\/www.memexitaly.it\/it\/wp-json\/wp\/v2\/media?parent=3"}],"curies":[{"name":"wp","href":"https:\/\/api.w.org\/{rel}","templated":true}]}}