{"id":1259,"date":"2020-05-28T14:39:51","date_gmt":"2020-05-28T14:39:51","guid":{"rendered":"http:\/\/www.memexitaly.it\/?page_id=1259"},"modified":"2025-10-20T09:07:55","modified_gmt":"2025-10-20T09:07:55","slug":"meet-the-team","status":"publish","type":"page","link":"https:\/\/www.memexitaly.it\/it\/chi-siamo\/meet-the-team\/","title":{"rendered":"Meet The Team"},"content":{"rendered":"<div class=\"wpb-content-wrapper\">[vc_row element_id=&#8221;377434&#8243; css=&#8221;.vc_custom_1635520186551{padding-top: 40px !important;padding-bottom: 40px !important;}&#8221;][vc_column]<span class=\"et-gap et-clearfix et-gap-266637 hide1280\"><\/span><h6 class=\"et-heading text-align-left highlight-true\" id=\"et-heading-479374\" ><span class=\"text-wrapper\"><span class=\"text\">Chi siamo<\/span><span class=\"curtain\"><\/span><\/span><\/h6><span class=\"et-gap et-clearfix et-gap-545202\"><\/span><h1 class=\"et-heading text-align-left highlight-false\" id=\"et-heading-323832\" data-374-f=\"32\" data-374-lh=\"36\" data-375-767-f=\"48\" data-375-767-lh=\"48\"><span class=\"text-wrapper\"><span class=\"text\">Il Team<\/span><span class=\"curtain\"><\/span><\/span><\/h1><span class=\"et-gap et-clearfix et-gap-545202\"><\/span>[vc_column_text animation_delay=&#8221;0&#8243;]Il team di MemEx offre una variet\u00e0 di competenze, skills, e esperienze che permettono alla societ\u00e0 di offrire una vasta gamma di servizi di consulenza e assistenza tecnico-sistemistica ai vari clienti. Lo staff di MemEx comprende ingegneri trasportisti, informatici, e esperti di mobilit\u00e0 e logistica sostenibile.<\/p>\n<p>Attualmente MemEx \u00e8 composta da 6 professionisti con esperienza pluridecennale nella collaborazione con enti e aziende a livello Nazionale, Europeo, ed internazionale ed a cui si aggiunge una numerosa serie di collaborazioni esterne, alcune delle quali consolidate nel tempo ed a carattere pressoch\u00e9 continuativo.[\/vc_column_text][\/vc_column][\/vc_row][vc_row gap=&#8221;0&#8243; element_id=&#8221;700167&#8243;][vc_column animation_delay=&#8221;0&#8243; element_id=&#8221;861074&#8243; crp=&#8221;374:i:i,375-767:i:i,768-1023:i:i,1024-1279:i:i,1280-1599:i:i,1600-1919:i:i&#8221;][vc_row_inner gap=&#8221;40&#8243; element_id=&#8221;492267&#8243;][vc_column_inner width=&#8221;1\/3&#8243; offset=&#8221;vc_col-lg-4 vc_col-md-4 vc_col-xs-12&#8243;]<div id=\"et-person-139853\" class=\"et-person\"><div class=\"person-inner\"><div style=\"max-width:2560px;max-height:2560px;\" class=\"lazy-inline-image person-image\"><img decoding=\"async\" class=\"lazy\" src=\"data:image\/gif;base64,R0lGODlhAQABAIAAAP\/\/\/wAAACH5BAEAAAAALAAAAAABAAEAAAICRAEAOw==\" width=\"2560\" height=\"2560\" data-src=\"https:\/\/www.memexitaly.it\/wp-content\/uploads\/DSC_0714-copia-scaled.jpg\" alt=\"MEMEX ITALY\" \/><svg class=\"media-placeholder\" viewBox=\"0 0 2560 2560\"><path d=\"M0,0H2560V2560H0V0Z\" \/><\/svg><svg class=\"placeholder\" viewBox=\"0 0 20 4\"><circle cx=\"2\" cy=\"2\" r=\"2\" \/><circle cx=\"10\" cy=\"2\" r=\"2\" \/><circle cx=\"18\" cy=\"2\" r=\"2\" \/><\/svg><\/div><div class=\"person-content et-clearfix\"><h4 class=\"name in\">Antonio Liberato<\/h4><div class=\"styling-original-false et-social-links in\"><\/div><\/div><\/div><\/div>[vc_column_text animation_delay=&#8221;0&#8243; css=&#8221;.vc_custom_1624608267796{margin-top: -30px !important;padding-right: 15px !important;padding-bottom: 10px !important;padding-left: 37px !important;background-color: #ffffff !important;}&#8221;]Esperto di tematiche territoriali ed ambientali da oltre 30 anni. Dopo alcuni anni di residenza estera per conto di societ\u00e0 internazionali del settore della ricerca petrolifera e mineraria, svolge la sua attivit\u00e0 in MemEx sin dal 1994 interessandosi principalmente della gestione di progetti rivolti alle tematiche ambientali. Dal 1999 si occupa anche di progetti riguardanti i processi di city logistics, settore nel quale ha sviluppato una consolidata esperienza e nel cui ambito ha prodotto numerose pubblicazioni.[\/vc_column_text]<span class=\"et-gap et-clearfix et-gap-625314\"><\/span>[\/vc_column_inner][vc_column_inner width=&#8221;1\/3&#8243; offset=&#8221;vc_col-lg-4 vc_col-md-4 vc_hidden-sm vc_col-xs-12&#8243;]<div id=\"et-person-244795\" class=\"et-person\"><div class=\"person-inner\"><div style=\"max-width:2560px;max-height:2560px;\" class=\"lazy-inline-image person-image\"><img decoding=\"async\" class=\"lazy\" src=\"data:image\/gif;base64,R0lGODlhAQABAIAAAP\/\/\/wAAACH5BAEAAAAALAAAAAABAAEAAAICRAEAOw==\" width=\"2560\" height=\"2560\" data-src=\"https:\/\/www.memexitaly.it\/wp-content\/uploads\/DSC_0737-copia-scaled.jpg\" alt=\"MEMEX ITALY\" \/><svg class=\"media-placeholder\" viewBox=\"0 0 2560 2560\"><path d=\"M0,0H2560V2560H0V0Z\" \/><\/svg><svg class=\"placeholder\" viewBox=\"0 0 20 4\"><circle cx=\"2\" cy=\"2\" r=\"2\" \/><circle cx=\"10\" cy=\"2\" r=\"2\" \/><circle cx=\"18\" cy=\"2\" r=\"2\" \/><\/svg><\/div><div class=\"person-content et-clearfix\"><h4 class=\"name in\">Renato Bellini<\/h4><div class=\"styling-original-false et-social-links in\"><\/div><\/div><\/div><\/div>[vc_column_text animation_delay=&#8221;0&#8243; css=&#8221;.vc_custom_1701095027451{margin-top: -30px !important;padding-right: 15px !important;padding-left: 37px !important;background-color: #ffffff !important;}&#8221;]Ingegnere esperto in tematiche energetiche e processi industriali con oltre 35 anni di esperienza in Italia e all\u2019estero come dirigente ENI. Ha sviluppato inoltre esperienza nella direzione di societ\u00e0 municipalizzate nel settore pubblici servizi e come amministratore unico in societ\u00e0 di meccanica fine. Membro del consiglio di amministrazione di MemEx con la quale collabora da oltre 15 anni in particolar modo per i progetti nazionali ed europei riguardanti energia ed ambiente.[\/vc_column_text]<span class=\"et-gap et-clearfix et-gap-570330 hide767 hide1024\"><\/span>[\/vc_column_inner][vc_column_inner width=&#8221;1\/3&#8243;]<div id=\"et-person-78445\" class=\"et-person\"><div class=\"person-inner\"><div style=\"max-width:2300px;max-height:2300px;\" class=\"lazy-inline-image person-image\"><img decoding=\"async\" class=\"lazy\" src=\"data:image\/gif;base64,R0lGODlhAQABAIAAAP\/\/\/wAAACH5BAEAAAAALAAAAAABAAEAAAICRAEAOw==\" width=\"2300\" height=\"2300\" data-src=\"https:\/\/www.memexitaly.it\/wp-content\/uploads\/Claudio-v3-1.png\" alt=\"MEMEX ITALY\" \/><svg class=\"media-placeholder\" viewBox=\"0 0 2300 2300\"><path d=\"M0,0H2300V2300H0V0Z\" \/><\/svg><svg class=\"placeholder\" viewBox=\"0 0 20 4\"><circle cx=\"2\" cy=\"2\" r=\"2\" \/><circle cx=\"10\" cy=\"2\" r=\"2\" \/><circle cx=\"18\" cy=\"2\" r=\"2\" \/><\/svg><\/div><div class=\"person-content et-clearfix\"><h4 class=\"name in\">Claudio Disperati<\/h4><div class=\"styling-original-false et-social-links in\"><\/div><\/div><\/div><\/div>[vc_column_text animation_delay=&#8221;0&#8243; css=&#8221;.vc_custom_1624608502869{margin-top: -30px !important;padding-right: 15px !important;padding-bottom: 10px !important;padding-left: 37px !important;background-color: #ffffff !important;}&#8221;]Ingegnere, lavora in MemEx dal 2010 principalmente nell&#8217;ambito dei Sistemi ITS, in particolare Sistemi SAE\/AVM e Sistemi di Bigliettazione elettronica, fornendo supporto in fase di progettazione esecutiva e svolgendo attivit\u00e0 di analisi delle funzionalit\u00e0 e prestazioni dei sistemi in fase di implementazione ed avvio operativo degli stessi. Ha collaborato allo svolgimento di studi di fattibilit\u00e0 e valutazione degli impatti di interventi alla viabilit\u00e0 urbana tramite strumenti di simulazione dinamica.[\/vc_column_text]<span class=\"et-gap et-clearfix et-gap-1\"><\/span>[\/vc_column_inner][\/vc_row_inner]<span class=\"et-gap et-clearfix et-gap-377495 hide767\"><\/span>[\/vc_column][\/vc_row][vc_row gap=&#8221;0&#8243; element_id=&#8221;867901&#8243;][vc_column animation_delay=&#8221;0&#8243; element_id=&#8221;861074&#8243; crp=&#8221;374:i:i,375-767:i:i,768-1023:i:i,1024-1279:i:i,1280-1599:i:i,1600-1919:i:i&#8221;][vc_row_inner gap=&#8221;40&#8243; element_id=&#8221;492267&#8243;][vc_column_inner width=&#8221;1\/3&#8243; offset=&#8221;vc_col-lg-4 vc_col-md-4 vc_col-xs-12&#8243;]<div id=\"et-person-511019\" class=\"et-person\"><div class=\"person-inner\"><div style=\"max-width:2560px;max-height:2545px;\" class=\"lazy-inline-image person-image\"><img decoding=\"async\" class=\"lazy\" src=\"data:image\/gif;base64,R0lGODlhAQABAIAAAP\/\/\/wAAACH5BAEAAAAALAAAAAABAAEAAAICRAEAOw==\" width=\"2560\" height=\"2545\" data-src=\"https:\/\/www.memexitaly.it\/wp-content\/uploads\/DSC_0723-copia-scaled.jpg\" alt=\"MEMEX ITALY\" \/><svg class=\"media-placeholder\" viewBox=\"0 0 2560 2545\"><path d=\"M0,0H2560V2545H0V0Z\" \/><\/svg><svg class=\"placeholder\" viewBox=\"0 0 20 4\"><circle cx=\"2\" cy=\"2\" r=\"2\" \/><circle cx=\"10\" cy=\"2\" r=\"2\" \/><circle cx=\"18\" cy=\"2\" r=\"2\" \/><\/svg><\/div><div class=\"person-content et-clearfix\"><h4 class=\"name in\">Andrea Lorenzini<\/h4><div class=\"styling-original-false et-social-links in\"><\/div><\/div><\/div><\/div>[vc_column_text animation_delay=&#8221;0&#8243; css=&#8221;.vc_custom_1624608583987{margin-top: -30px !important;padding-right: 15px !important;padding-bottom: 10px !important;padding-left: 37px !important;background-color: #ffffff !important;}&#8221;]Ingegnere dei trasporti, lavora presso MemEx dal 2017. Andrea fa parte della EU Project Division e partecipa attivamente alle attivit\u00e0 di ricerca e sviluppo ed all&#8217;elaborazione di proposte di progetto. Andrea \u00e8 inoltre coinvolto nelle attivit\u00e0 di supporto ai clienti nell&#8217;ambito della gestione della logistica urbana e della pianificazione dei servizi di trasporto pubblico. Ha collaborato a studi riguardanti il trasporto intermodale delle merci con particolare riguardo ai trasporti marittimi e ferroviari. Possiede un&#8217;ottima conoscenza della lingua inglese.[\/vc_column_text]<span class=\"et-gap et-clearfix et-gap-625314\"><\/span>[\/vc_column_inner][vc_column_inner width=&#8221;1\/3&#8243; offset=&#8221;vc_col-lg-4 vc_col-md-4 vc_hidden-sm vc_col-xs-12&#8243;]<div id=\"et-person-629174\" class=\"et-person\"><div class=\"person-inner\"><div style=\"max-width:2560px;max-height:2560px;\" class=\"lazy-inline-image person-image\"><img decoding=\"async\" class=\"lazy\" src=\"data:image\/gif;base64,R0lGODlhAQABAIAAAP\/\/\/wAAACH5BAEAAAAALAAAAAABAAEAAAICRAEAOw==\" width=\"2560\" height=\"2560\" data-src=\"https:\/\/www.memexitaly.it\/wp-content\/uploads\/DSC_0745-copia-scaled.jpg\" alt=\"MEMEX ITALY\" \/><svg class=\"media-placeholder\" viewBox=\"0 0 2560 2560\"><path d=\"M0,0H2560V2560H0V0Z\" \/><\/svg><svg class=\"placeholder\" viewBox=\"0 0 20 4\"><circle cx=\"2\" cy=\"2\" r=\"2\" \/><circle cx=\"10\" cy=\"2\" r=\"2\" \/><circle cx=\"18\" cy=\"2\" r=\"2\" \/><\/svg><\/div><div class=\"person-content et-clearfix\"><h4 class=\"name in\">Eleonora Ercoli<\/h4><div class=\"styling-original-false et-social-links in\"><\/div><\/div><\/div><\/div>[vc_column_text animation_delay=&#8221;0&#8243; css=&#8221;.vc_custom_1624608524046{margin-top: -30px !important;padding-right: 15px !important;padding-bottom: 10px !important;padding-left: 37px !important;background-color: #ffffff !important;}&#8221;]Lavora nella EU Project Division occupandosi principalmente della gestione tecnico-amministrativa di progetti Europei, della comunicazione e dell&#8217;organizzazione di eventi scientifici e di promozione. Ha pi\u00f9 di 10 anni di esperienza nella gestione di progetti di R&amp;S e di cooperazione interregionale a supporto di autorit\u00e0 pubbliche, centri di ricerca e grandi imprese. Eleonora ha un\u2019ottima conoscenza della lingua inglese e francese e una conoscenza di base della lingua spagnola.[\/vc_column_text]<span class=\"et-gap et-clearfix et-gap-570330 hide767 hide1024\"><\/span>[\/vc_column_inner][vc_column_inner width=&#8221;1\/3&#8243;]<div id=\"et-person-467542\" class=\"et-person\"><div class=\"person-inner\"><div style=\"max-width:1706px;max-height:1702px;\" class=\"lazy-inline-image person-image\"><img decoding=\"async\" class=\"lazy\" src=\"data:image\/gif;base64,R0lGODlhAQABAIAAAP\/\/\/wAAACH5BAEAAAAALAAAAAABAAEAAAICRAEAOw==\" width=\"1706\" height=\"1702\" data-src=\"https:\/\/www.memexitaly.it\/wp-content\/uploads\/DSC_0734-copia-1-scaled-e1723475363130.jpg\" alt=\"MEMEX ITALY\" \/><svg class=\"media-placeholder\" viewBox=\"0 0 1706 1702\"><path d=\"M0,0H1706V1702H0V0Z\" \/><\/svg><svg class=\"placeholder\" viewBox=\"0 0 20 4\"><circle cx=\"2\" cy=\"2\" r=\"2\" \/><circle cx=\"10\" cy=\"2\" r=\"2\" \/><circle cx=\"18\" cy=\"2\" r=\"2\" \/><\/svg><\/div><div class=\"person-content et-clearfix\"><h4 class=\"name in\">Matilde Vezzani<\/h4><div class=\"styling-original-false et-social-links in\"><\/div><\/div><\/div><\/div>[vc_column_text animation_delay=&#8221;0&#8243; css=&#8221;.vc_custom_1760951213251{margin-top: -30px !important;padding-right: 15px !important;padding-left: 37px !important;background-color: #ffffff !important;}&#8221;]Ingegnere Edile-Architetto, Matilde ha collaborato a studi e pubblicazioni riguardanti metodologie di trasporto sostenibile, sia in ambito urbano che extraurbano, e partecipa a progetti Europei finalizzati a migliorare la resilienza delle aree rurali ed urbane. In particolare all\u2019interno del team MemEx, segue e supporta le fasi di progettazione di fattibilit\u00e0 tecnico economica e di progettazione esecutiva, di piani urbanistici e di riqualificazione degli spazi urbani (zone 30, piazze, piste ciclabili, Hub Multimodali, corsie dedicate TPL, ecc). Possiede un\u2019ottima conoscenza della lingua inglese e una conoscenza di base della lingua spagnola.[\/vc_column_text]<span class=\"et-gap et-clearfix et-gap-1\"><\/span>[\/vc_column_inner][\/vc_row_inner]<span class=\"et-gap et-clearfix et-gap-377495 hide767\"><\/span>[vc_row_inner gap=&#8221;40&#8243; element_id=&#8221;492267&#8243;][vc_column_inner width=&#8221;1\/3&#8243; offset=&#8221;vc_col-lg-4 vc_col-md-4 vc_col-xs-12&#8243; css=&#8221;.vc_custom_1624607908502{background-color: #ffffff !important;}&#8221;]<div id=\"et-person-989432\" class=\"et-person\"><div class=\"person-inner\"><div style=\"max-width:999px;max-height:999px;\" class=\"lazy-inline-image person-image\"><img decoding=\"async\" class=\"lazy\" src=\"data:image\/gif;base64,R0lGODlhAQABAIAAAP\/\/\/wAAACH5BAEAAAAALAAAAAABAAEAAAICRAEAOw==\" width=\"999\" height=\"999\" data-src=\"https:\/\/www.memexitaly.it\/wp-content\/uploads\/Brendan-Finn-photo-1-e1723537426973.jpg\" alt=\"MEMEX ITALY\" \/><svg class=\"media-placeholder\" viewBox=\"0 0 999 999\"><path d=\"M0,0H999V999H0V0Z\" \/><\/svg><svg class=\"placeholder\" viewBox=\"0 0 20 4\"><circle cx=\"2\" cy=\"2\" r=\"2\" \/><circle cx=\"10\" cy=\"2\" r=\"2\" \/><circle cx=\"18\" cy=\"2\" r=\"2\" \/><\/svg><\/div><div class=\"person-content et-clearfix\"><h4 class=\"name in\">Brendan Finn<\/h4><div class=\"styling-original-false et-social-links in\"><\/div><\/div><\/div><\/div>[vc_column_text animation_delay=&#8221;0&#8243; css=&#8221;.vc_custom_1656927351943{margin-top: -30px !important;padding-right: 15px !important;padding-left: 37px !important;background-color: #ffffff !important;}&#8221;]Brendan Finn \u00e8 un consulente dei trasporti con oltre 40 anni di esperienza nel settore. Residente in Irlanda, collabora con MemEx da oltre 20 anni. Brendan ha lavorato in molti paesi in Europa, Asia e Africa occupandosi di progetti sul trasporto e mobilit\u00e0 passeggeri, dalla definizione di strategie, alla regolamentazione, operativit\u00e0 ed implementazione dei servizi. Si occupa di mobilit\u00e0 rurale dalla met\u00e0 degli anni &#8217;90, sia partecipando a numerosi progetti Europei (es. SAMPO, SAMPLUS, FAMS, CONNECT ed ultimamente in qualit\u00e0 di Project Manager del progetto SMARTA) sia a livello locale assistendo le comunit\u00e0 in Irlanda nella definizione delle esigenze e requisiti degli utenti e nello sviluppo di piani di mobilit\u00e0 rurale.[\/vc_column_text]<span class=\"et-gap et-clearfix et-gap-625314\"><\/span>[\/vc_column_inner][\/vc_row_inner]<span class=\"et-gap et-clearfix et-gap-377495 hide767\"><\/span>[\/vc_column][\/vc_row][vc_row gap=&#8221;0&#8243; element_id=&#8221;262116&#8243;][vc_column animation_delay=&#8221;0&#8243; element_id=&#8221;861074&#8243; crp=&#8221;374:i:i,375-767:i:i,768-1023:i:i,1024-1279:i:i,1280-1599:i:i,1600-1919:i:i&#8221;]<span class=\"et-gap et-clearfix et-gap-377495 hide767\"><\/span>[\/vc_column][\/vc_row]\n<\/div>","protected":false},"excerpt":{"rendered":"<p>[vc_row element_id=&#8221;377434&#8243; css=&#8221;.vc_custom_1635520186551{padding-top: 40px !important;padding-bottom: 40px !important;}&#8221;][vc_column][vc_column_text animation_delay=&#8221;0&#8243;]Il team di MemEx offre una variet\u00e0 di competenze, skills, e esperienze che permettono alla societ\u00e0 di offrire una vasta gamma di servizi di consulenza e assistenza tecnico-sistemistica ai vari clienti. Lo staff di MemEx comprende ingegneri trasportisti, informatici, e esperti di mobilit\u00e0 e logistica sostenibile. Attualmente MemEx [&hellip;]<\/p>\n","protected":false},"author":15,"featured_media":0,"parent":24,"menu_order":0,"comment_status":"closed","ping_status":"closed","template":"page-vc.php","meta":{"footnotes":""},"class_list":["post-1259","page","type-page","status-publish","hentry"],"_links":{"self":[{"href":"https:\/\/www.memexitaly.it\/it\/wp-json\/wp\/v2\/pages\/1259","targetHints":{"allow":["GET"]}}],"collection":[{"href":"https:\/\/www.memexitaly.it\/it\/wp-json\/wp\/v2\/pages"}],"about":[{"href":"https:\/\/www.memexitaly.it\/it\/wp-json\/wp\/v2\/types\/page"}],"author":[{"embeddable":true,"href":"https:\/\/www.memexitaly.it\/it\/wp-json\/wp\/v2\/users\/15"}],"replies":[{"embeddable":true,"href":"https:\/\/www.memexitaly.it\/it\/wp-json\/wp\/v2\/comments?post=1259"}],"version-history":[{"count":47,"href":"https:\/\/www.memexitaly.it\/it\/wp-json\/wp\/v2\/pages\/1259\/revisions"}],"predecessor-version":[{"id":9321,"href":"https:\/\/www.memexitaly.it\/it\/wp-json\/wp\/v2\/pages\/1259\/revisions\/9321"}],"up":[{"embeddable":true,"href":"https:\/\/www.memexitaly.it\/it\/wp-json\/wp\/v2\/pages\/24"}],"wp:attachment":[{"href":"https:\/\/www.memexitaly.it\/it\/wp-json\/wp\/v2\/media?parent=1259"}],"curies":[{"name":"wp","href":"https:\/\/api.w.org\/{rel}","templated":true}]}}