{"id":8378,"date":"2021-06-28T07:58:54","date_gmt":"2021-06-28T07:58:54","guid":{"rendered":"http:\/\/www.memexitaly.it\/cookie-policy\/"},"modified":"2022-04-13T14:54:16","modified_gmt":"2022-04-13T14:54:16","slug":"cookie-policy","status":"publish","type":"page","link":"https:\/\/www.memexitaly.it\/en\/cookie-policy\/","title":{"rendered":"Cookie Policy"},"content":{"rendered":"<div class=\"wpb-content-wrapper\">[vc_row][vc_column]<h1 class=\"et-heading text-align-left highlight-false\" id=\"et-heading-23099\" ><span class=\"text-wrapper\"><span class=\"text\">Cookie Policy<br \/><\/span><span class=\"curtain\"><\/span><\/span><\/h1>[vc_empty_space][vc_column_text animation_delay=&#8221;0&#8243;]\r\n<p><strong>Informativa estesa<\/strong><\/p>\r\n<p>Questa informativa estesa sulla privacy \u00e8 stata redatta e personalizzata appositamente per il presente sito www.memexitaly.it in base a quanto previsto dall\u2019art. 4 del Provvedimento Generale n. 229 dell\u20198 maggio 2014 emanato dal Garante per la protezione dei dati personali e pubblicato sulla G.U. n. 126 del 3 giugno 2014.<\/p>\r\n<p>Essa integra ed aggiorna altre informative gi\u00e0 presenti sul sito e\/o rilasciate prima d\u2019ora dall\u2019Ente, in combinazione con le quali fornisce tutti gli elementi richiesti dall\u2019art. 13 del D.Lgs. 196\/2003 e dai successivi Provvedimenti dell\u2019Autorit\u00e0 Garante per la protezione dei dati personali.<\/p>\r\n<p><em>Avvertenza importante<\/em><\/p>\r\n<p>Si informano i terzi tutti che l\u2019utilizzo della presente informativa o anche solo di alcune parti di essa, su altri siti web in riferimento ai quali sarebbe certamente non pertinente e\/o errata e\/o inidonea, pu\u00f2 comportare l\u2019irrogazione di pesanti sanzioni pecuniarie da parte dell\u2019Autorit\u00e0 Garante per la protezione dei dati personali.<\/p>\r\n<p><strong>COOKIES E TECNOLOGIE SIMILARI<\/strong><\/p>\r\n<p>Le c.d. attivit\u00e0 di tracking ovvero di tracciamento della navigazione sono finalizzate all\u2019analisi dei siti web visitati, le loro pagine e i relativi contenuti specifici, i tempi delle relative visite e la loro frequenza.<\/p>\r\n<p>Spesso tali informazioni sono anche associate all\u2019utente, senza necessariamente sapere come si chiama e dove abita. Tramite queste informazioni relative ad abitudini, usi e consumi, la loro analisi e rielaborazione \u00e8 possibile ricostruirne il profilo commerciale finalizzato al c.d. <strong>e-Targeted Advertising<\/strong>: proposizione di prodotti o servizi o contenuti mirati.<\/p>\r\n<p>Dal punto di vista tecnico-informatico, ci\u00f2 avviene attraverso l\u2019utilizzo, da parte della stragrande maggioranza dei siti web, dei c.d. <strong>cookies<\/strong>, che sono piccoli file di testo che i siti visitati inviano al terminale dell\u2019utente, dove vengono memorizzati per essere poi ritrasmessi agli stessi siti alla visita successiva.<\/p>\r\n<p>I cookies sono diversi e con funzionalit\u00e0 differenti e, secondo il Garante Privacy, possono essere cos\u00ec bipartiti:<\/p>\r\n<p><strong>A) cookies tecnici<\/strong>, quelli utilizzati al solo fine di \u201ceffettuare la trasmissione di una comunicazione su una rete di comunicazione elettronica o, nella misura strettamente necessaria, al fornitore di un servizio della societ\u00e0 dell\u2019informazione esplicitamente richiesto dall\u2019abbonato o dall\u2019utente a erogare tale servizio\u201d (art. 122, comma 1 Codice Privacy)\u201d.<\/p>\r\n<p>I cookies tecnici si possono suddividere in:<\/p>\r\n<ul>\r\n<li>cookies di navigazione o sessione \u2013 garantiscono la normale navigazione e fruizione del sito web, permettendo, ad esempio, di realizzare un acuisto o autenticarsi per accedere ad aree riservate;<\/li>\r\n<li>cookies analitici \u2013 assimilati ai cookies tecnici laddove utilizzati direttamente dal gestore del sito per raccogliere informazioni, in forma anonima ed aggregata, sul numero degli utenti e su come questi visitano il sito stesso;<\/li>\r\n<li>cookies di funzionalit\u00e0 \u2013 permettono all\u2019utente la navigazione in funzione di una serie di criteri selezionato (ad esempio, la lingua, i prodotti selezionati per l\u2019acquisto) al fine di migliorare il servizio reso allo stesso.<\/li>\r\n<\/ul>\r\n<p><strong>B) cookies di profilazione<\/strong> (definiti anche cookie comportamentali) volti a creare profili dell\u2019utente e vengono utilizzati al fine di inviare messaggi pubblicitari in linea con le preferenze manifestate dallo stesso nell\u2019ambito della navigazione in rete (Behavioural Advertising \u2013 pubblicit\u00e0 comportamentale).<\/p>\r\n<p>Raccolgono informazioni relative alla navigazione degli utenti, ai siti e alle pagine visitate, al tempo di permanenza; successivamente mostrano su altri siti web avvisi pubblicitari inerenti (e-Targeted Advertising).<\/p>\r\n<p>Esistono, poi, altre tecnologie similari (web beacon, cookie flash, silver light application storage) pure in grado di conservare e leggere file di dati sul computer dell\u2019utente.<\/p>\r\n<p>In ragione della particolare invasivit\u00e0 che tali dispositivi possono avere nell\u2019ambito della sfera privata degli utenti, la normativa europea e italiana prevedono che l\u2019utente debba essere adeguatamente informato sull\u2019uso degli stessi ed esprimere cos\u00ec il proprio valido consenso.<\/p>\r\n<p><strong>LA NORMATIVA DEL GARANTE PRIVACY<\/strong><\/p>\r\n<p>Con il Provvedimento Generale n. 229 dell\u20198 maggio 2014, pubblicato sulla G.U. n. 126 del 3 giugno 2014 (entrata in vigore 3 giugno 2015 \u2013 art. 5 Tempi di adeguamento), il Garante Nazionale ha regolamentato l\u2019utilizzo dei cookies di profilazione, cos\u00ec definiti all\u2019art. 1, lett. b): i cookie di profilazione sono volti a creare profili relativi all\u2019utente e vengono utilizzati al fine di inviare messaggi pubblicitari in linea con le preferenze manifestate dallo stesso nell\u2019ambito della navigazione in rete. In ragione della particolare invasivit\u00e0 che tali dispositivi possono avere nell\u2019ambito della sfera privata degli utenti, la normativa europea e italiana prevede che l\u2019utente debba essere adeguatamente informato sull\u2019uso degli stessi ed esprimere cos\u00ec il proprio valido consenso.<\/p>\r\n<p>Ad essi si riferisce l\u2019art. 122 del Codice Privacy laddove prevede che \u201cl\u2019archiviazione delle informazioni nell\u2019apparecchio terminale di un contraente o di un utente o l\u2019accesso a informazioni gi\u00e0 archiviate sono consentiti unicamente a condizione che il contraente o l\u2019utente abbia espresso il proprio consenso dopo essere stato informato con le modalit\u00e0 semplificate di cui all\u2019articolo 13, comma 3\u201d(art. 122, comma 1, del Codice).<\/p>\r\n<p>I cookie, pertanto, svolgono diverse e importanti funzioni nell\u2019ambito della rete, che vanno ad incidere in modo diretto e molto spesso occulto, sui dati personali degli utenti, che subiscono trattamenti senza le necessarie procedure di informazione e consenso previste dalla normativa in materia di privacy.<\/p>\r\n<p>Ecco perch\u00e9, secondo l\u2019opinione del Garante, qualunque decisione in merito alle modalit\u00e0 di informativa e consenso online, riguardando in pratica chiunque abbia un sito Internet, avr\u00e0 quindi un fortissimo impatto su un numero enorme di soggetti, che presentano peraltro, come si \u00e8 detto, natura e caratteristiche profondamente diverse tra loro.<\/p>\r\n<p>Il Garante, consapevole della portata della presente decisione, ha ritenuto pertanto necessario che le misure prescritte nel provvedimento sopra indicato \u2013 ai sensi di quanto previsto dall\u2019art. 122, comma 1, del Codice siano, da un lato, tali da consentire agli utenti di esprimere scelte realmente consapevoli sull\u2019installazione dei cookie mediante la manifestazione di un consenso espresso e specifico (come previsto dall\u2019art. 23 del Codice) e, dall\u2019altro, presentino il minore impatto possibile in termini di soluzione di continuit\u00e0 della navigazione dei medesimi utenti e della fruizione, da parte loro, dei servizi telematici.<\/p>\r\n<p>Di tali opposte esigenze, emerse chiaramente anche in occasione della consultazione pubblica e degli incontri tenuti dall\u2019Autorit\u00e0, si \u00e8 tenuto conto in primo luogo nella determinazione delle modalit\u00e0 con le quali rendere l\u2019informativa in forma semplificata.<\/p>\r\n<p>\u00c8 peraltro convinzione del Garante che i due temi, dell\u2019informativa e del consenso, vadano necessariamente trattati in maniera congiunta, onde evitare che il ricorso a modalit\u00e0 di espressione del consenso online che richiedano operazioni eccessivamente complesse da parte degli utenti vanifichino la semplificazione realizzata nella informativa.<\/p>\r\n<p>Alla luce di quanto sopra, con la presente informativa si comunica agli utenti che i cookies utilizzati nel presente sito web sono delle seguenti tipologie:<\/p>\r\n<ol>\r\n<li><strong>Cookies tecnici<\/strong>: permettono all\u2019utente l\u2019ottimale e veloce navigazione attraverso il sito web e l\u2019efficiente utilizzo dei servizi e\/o delle varie opzioni che esso offre, consentendo ad esempio di effettuare un acquisto o di autenticarsi per accedere ad aree riservate. Questi cookies sono necessari per migliorare la fruibilit\u00e0 del sito web, ma possono comunque essere disattivati.<\/li>\r\n<li><strong>Cookies di terze parti<\/strong>: sono dei cookies installati sul terminale dell\u2019utente ad opera di gestori di siti terzi, per il tramite del presente sito. I cookies di terze parti, aventi principalmente finalit\u00e0 di analisi, derivano per lo pi\u00f9 dalle funzionalit\u00e0 di Google Analytics.<br \/>E\u2019 possibile avere maggiori informazioni su Google Analytics cliccando sul seguente link: <a href=\"http:\/\/www.google.it\/intl\/it\/analytics\" target=\"_blank\" rel=\"noopener\">http:\/\/www.google.it\/intl\/it\/analytics<\/a>.<\/li>\r\n<\/ol>\r\n<p>Per disabilitare i cookies e per impedire a Google Analytics di raccogliere dati sulla navigazione, \u00e8 possibile scaricare il componente aggiuntivo del browser per la disattivazione di Google Analytics cliccando sul seguente link: <a href=\"https:\/\/tools.google.com\/dlpage\/gaoptout\" target=\"_blank\" rel=\"noopener\">https:\/\/tools.google.com\/dlpage\/gaoptout<\/a>.<\/p>\r\n<p><strong>Le impostazioni del browser<\/strong><\/p>\r\n<p>Informiamo inoltre che l\u2019utente pu\u00f2 configurare, liberamente ed in qualsiasi momento, i suoi parametri di privacy in relazione all\u2019installazione ed uso di cookies, direttamente attraverso il suo programma di navigazione (browser) seguendo le relative istruzioni.<\/p>\r\n<p>In particolare, l\u2019utente pu\u00f2 impostare la cos\u00ec detta \u201cnavigazione privata\u201d, grazie alla quale il suo programma di navigazione interrompe il salvataggio dello storico dei siti visitati, delle eventuali password inserite, dei cookies e delle altre informazioni sulle pagine visitate.<\/p>\r\n<p>Avvertiamo che nel caso in cui l\u2019utente decida di disattivare tutti i cookies (anche quelli di natura tecnica), la qualit\u00e0 e la rapidit\u00e0 dei servizi offerti dal presente sito web potrebbero peggiorare drasticamente e si potrebbe perdere l\u2019accesso ad alcune sezioni del sito stesso.<\/p>\r\n<p><strong>Indicazioni pratiche rivolte all\u2019utente per la corretta impostazione del browser<\/strong><\/p>\r\n<p>Per bloccare o limitare l\u2019utilizzo dei cookies, sia da parte del presente sito che da parte di altri siti web, direttamente tramite il proprio browser, si possono seguire le semplici istruzioni sotto riportate e riferite ai browser di pi\u00f9 comune utilizzo.<\/p>\r\n<p>Google Chrome: cliccare sull\u2019icona denominata \u201cPersonalizza e controlla Google Chrome\u201d posizionata in alto a destra, quindi selezionare la voce di men\u00f9 denominata \u201cImpostazioni\u201d. Nella maschera che si apre, selezionare la voce di men\u00f9 denominata \u201cMostra impostazioni avanzate\u201d e quindi alla voce di men\u00f9 denominata \u201cPrivacy\u201d cliccare sul pulsante \u201cImpostazioni contenuti\u201d ove \u00e8 possibile impostare il blocco di tutti o parte dei cookies.<\/p>\r\n<p>Microsoft Internet Explorer: cliccare sull\u2019icona denominata \u201cStrumenti\u201d posizionata in alto a destra, quindi selezionare la voce di men\u00f9 denominata \u201cOpzioni internet\u201d. Nella maschera che si apre, selezionare la voce di men\u00f9 denominata \u201cPrivacy\u201d ove \u00e8 possibile impostare il blocco di tutti o parte dei cookies.<\/p>\r\n<p>Mozilla Firefox: dal menu a tendina posizionato in alto a sinistra selezionare la voce di men\u00f9 denominata \u201cOpzioni\u201d. Nella maschera che si apre, selezionare la voce di men\u00f9 \u201cPrivacy\u201d, ove \u00e8 possibile impostare il blocco di tutti o parte dei cookies.<\/p>\r\n<p><a href=\"https:\/\/www.memexitaly.it\/informativa-privacy\/\">Modalit\u00e0 del trattamento \u2013 vedi Informativa sulla Privacy<\/a><\/p>\r\n<p><a href=\"https:\/\/www.memexitaly.it\/informativa-privacy\/\">Il Titolare del Trattamento \u2013 vedi Informativa sulla Privacy<\/a><\/p>\r\n<p><strong>DIRITTI DELL\u2019INTERESSATO<\/strong><\/p>\r\n<p>I soggetti cui si riferiscono i dati personali hanno il diritto in qualunque momento di ottenere la conferma dell\u2019esistenza o meno dei medesimi dati e di conoscerne il contenuto e l\u2019origine, verificarne l\u2019esattezza o chiederne l\u2019integrazione o l\u2019aggiornamento, oppure la rettificazione (<a href=\"http:\/\/www.garanteprivacy.it\/garante\/doc.jsp?ID=1311248#art_7\" target=\"_blank\" rel=\"noopener\">articoli 7, 8, 9 e 10 del d.lgs. n. 196\/2003<\/a> di seguito riprodotti per Sua comodit\u00e0). Ai sensi dei medesimi articoli, si ha il diritto di chiedere la cancellazione, la trasformazione in forma anonima o il blocco dei dati trattati in violazione di legge, nonch\u00e9 di opporsi in ogni caso, per motivi legittimi, al loro trattamento.<\/p>\r\n<p>Le richieste vanno inoltrate al Titolare del trattamento tramite la pagina <a href=\"https:\/\/www.memexitaly.it\/dove-siamo\/\">contatti<\/a>.<\/p>\r\n<p>La presente informativa potr\u00e0 essere integrata, oralmente o per iscritto, con ulteriori elementi ed indicazioni, per soddisfare al meglio qualunque Sua esigenza conoscitiva in materia di privacy e per assecondare\/osservare l\u2019evoluzione normativa in materia.<\/p>\r\n<p>In caso di modifiche sostanziali all\u2019informativa o qualora la Fondazione\/Ente decida di modificare le modalit\u00e0 di utilizzo delle informazioni personali, tali modifiche saranno pubblicate in maniera visibile prima che abbiano effetto, oppure saranno notificate direttamente all\u2019utente. Si consiglia di prendere visione regolarmente dell\u2019informativa sulla privacy per i prodotti e servizi utilizzati, al fine di conoscere le modalit\u00e0 di protezione delle informazioni adottate dalla Fondazione.<\/p>\r\n<p><strong>Art. 7 \u2013 Diritto di accesso ai dati personali ed altri diritti<\/strong><\/p>\r\n<ol>\r\n<li>L\u2019interessato ha diritto di ottenere la conferma dell\u2019esistenza o meno di dati personali che lo riguardano, anche se non ancora registrati, e la loro comunicazione in forma intelligibile.<\/li>\r\n<li>L\u2019interessato ha diritto di ottenere l\u2019indicazione:<br \/>a) dell\u2019origine dei dati personali;<br \/>b) delle finalit\u00e0 e modalit\u00e0 del trattamento;<br \/>c) della logica applicata in caso di trattamento effettuato con l\u2019ausilio di strumenti elettronici;<br \/>d) degli estremi identificativi del titolare, dei responsabili e del rappresentante designato ai sensi dell\u2019articolo 5, comma 2;<br \/>e) dei soggetti o delle categorie di soggetti ai quali i dati personali possono essere comunicati o che possono venirne a conoscenza in qualit\u00e0 di rappresentante designato nel territorio dello Stato, di responsabili o incaricati.<\/li>\r\n<li>L\u2019interessato ha diritto di ottenere:<br \/>a) l\u2019aggiornamento, la rettificazione ovvero, quando vi ha interesse, l\u2019integrazione dei dati;<br \/>b) la cancellazione, la trasformazione in forma anonima o il blocco dei dati trattati in violazione di legge, compresi quelli di cui non \u00e8 necessaria la conservazione in relazione agli scopi per i quali i dati sono stati raccolti o successivamente trattati;<br \/>c) l\u2019attestazione che le operazioni di cui alle lettere a) e b) sono state portate a conoscenza, anche per quanto riguarda il loro contenuto, di coloro ai quali i dati sono stati comunicati o diffusi, eccettuato il caso in cui tale adempimento si rivela impossibile o comporta un impiego di mezzi manifestamente sproporzionato rispetto al diritto tutelato.<\/li>\r\n<li>L\u2019interessato ha diritto di opporsi, in tutto o in parte:<br \/>a) per motivi legittimi al trattamento dei dati personali che lo riguardano, ancorch\u00e9 pertinenti allo scopo della raccolta;<br \/>b) al trattamento di dati personali che lo riguardano a fini di invio di materiale pubblicitario o di vendita diretta o per il compimento di ricerche di mercato o di comunicazione commerciale.<\/li>\r\n<\/ol>\r\n<p><strong>Art. 8 \u2013 Esercizio dei diritti<\/strong><\/p>\r\n<ol>\r\n<li>I diritti di cui all\u2019articolo 7 sono esercitati con richiesta rivolta senza formalit\u00e0 al titolare o al responsabile, anche per il tramite di un incaricato, alla quale \u00e8 fornito idoneo riscontro senza ritardo.<\/li>\r\n<li>I diritti di cui all\u2019articolo 7 non possono essere esercitati con richiesta al titolare o al responsabile o con ricorso ai sensi dell\u2019articolo 145, se i trattamenti di dati personali sono effettuati:<br \/>a) in base alle disposizioni del decreto-legge 3 maggio 1991, n. 143, convertito, con modificazioni, dalla legge 5 luglio 1991, n. 197, e successive modificazioni, in materia di riciclaggio;<br \/>b) in base alle disposizioni del decreto-legge 31 dicembre 1991, n. 419, convertito, con modificazioni, dalla legge 18 febbraio 1992, n. 172, e successive modificazioni, in materia di sostegno alle vittime di richieste estorsive;<br \/>c) da Commissioni parlamentari d\u2019inchiesta istituite ai sensi dell\u2019articolo 82 della Costituzione;<br \/>d) da un soggetto pubblico, diverso dagli enti pubblici economici, in base ad espressa disposizione di legge, per esclusive finalit\u00e0 inerenti alla politica monetaria e valutaria, al sistema dei pagamenti, al controllo degli intermediari e dei mercati creditizi e finanziari, nonch\u00e9 alla tutela della loro stabilit\u00e0;<br \/>e) ai sensi dell\u2019articolo 24, comma 1, lettera f), limitatamente al periodo durante il quale potrebbe derivarne un pregiudizio effettivo e concreto per lo svolgimento delle investigazioni difensive o per l\u2019esercizio del diritto in sede giudiziaria;<br \/>f) da fornitori di servizi di comunicazione elettronica accessibili al pubblico relativamente a comunicazioni telefoniche in entrata, salvo che possa derivarne un pregiudizio effettivo e concreto per lo svolgimento delle investigazioni difensive di cui alla legge 7 dicembre 2000, n. 397;<br \/>g) per ragioni di giustizia, presso uffici giudiziari di ogni ordine e grado o il Consiglio superiore della magistratura o altri organi di autogoverno o il Ministero della giustizia;<br \/>h) ai sensi dell\u2019articolo 53, fermo restando quanto previsto dalla legge 1\u00b0 aprile 1981, n. 121.<\/li>\r\n<li>Il Garante, anche su segnalazione dell\u2019interessato, nei casi di cui al comma 2, lettere a), b), d), e) ed f), provvede nei modi di cui agli articoli 157, 158 e 159 e, nei casi di cui alle lettere c), g) ed h) del medesimo comma, provvede nei modi di cui all\u2019articolo 160.<\/li>\r\n<li>L\u2019esercizio dei diritti di cui all\u2019articolo 7, quando non riguarda dati di carattere oggettivo, pu\u00f2 avere luogo salvo che concerna la rettificazione o l\u2019integrazione di dati personali di tipo valutativo, relativi a giudizi, opinioni o ad altri apprezzamenti di tipo soggettivo, nonch\u00e9 l\u2019indicazione di condotte da tenersi o di decisioni in via di assunzione da parte del titolare del trattamento.<\/li>\r\n<\/ol>\r\n<p><strong>Art. 9 \u2013 Modalit\u00e0 di esercizio<\/strong><\/p>\r\n<ol>\r\n<li>La richiesta rivolta al titolare o al responsabile pu\u00f2 essere trasmessa anche mediante lettera raccomandata, telefax o posta elettronica. Il Garante pu\u00f2 individuare altro idoneo sistema in riferimento a nuove soluzioni tecnologiche. Quando riguarda l\u2019esercizio dei diritti di cui all\u2019articolo 7, commi 1 e 2, la richiesta pu\u00f2 essere formulata anche oralmente e in tal caso \u00e8 annotata sinteticamente a cura dell\u2019incaricato o del responsabile.<\/li>\r\n<li>Nell\u2019esercizio dei diritti di cui all\u2019articolo 7 l\u2019interessato pu\u00f2 conferire, per iscritto, delega o procura a persone fisiche, enti, associazioni od organismi. L\u2019interessato pu\u00f2, altres\u00ec, farsi assistere da una persona di fiducia.<\/li>\r\n<li>I diritti di cui all\u2019articolo 7 riferiti a dati personali concernenti persone decedute possono essere esercitati da chi ha un interesse proprio, o agisce a tutela dell\u2019interessato o per ragioni familiari meritevoli di protezione.<\/li>\r\n<li>L\u2019identit\u00e0 dell\u2019interessato \u00e8 verificata sulla base di idonei elementi di valutazione, anche mediante atti o documenti disponibili o esibizione o allegazione di copia di un documento di riconoscimento. La persona che agisce per conto dell\u2019interessato esibisce o allega copia della procura, ovvero della delega sottoscritta in presenza di un incaricato o sottoscritta e presentata unitamente a copia fotostatica non autenticata di un documento di riconoscimento dell\u2019interessato. Se l\u2019interessato \u00e8 una persona giuridica, un ente o un\u2019associazione, la richiesta \u00e8 avanzata dalla persona fisica legittimata in base ai rispettivi statuti od ordinamenti.<\/li>\r\n<li>La richiesta di cui all\u2019articolo 7, commi 1 e 2, \u00e8 formulata liberamente e senza costrizioni e pu\u00f2 essere rinnovata, salva l\u2019esistenza di giustificati motivi, con intervallo non minore di novanta giorni.<\/li>\r\n<\/ol>\r\n<p>Art. 10 \u2013 Riscontro all\u2019interessato<\/p>\r\n<ol>\r\n<li>Per garantire l\u2019effettivo esercizio dei diritti di cui all\u2019articolo 7 il titolare del trattamento \u00e8 tenuto ad adottare idonee misure volte, in particolare:<br \/>a) ad agevolare l\u2019accesso ai dati personali da parte dell\u2019interessato, anche attraverso l\u2019impiego di appositi programmi per elaboratore finalizzati ad un\u2019accurata selezione dei dati che riguardano singoli interessati identificati o identificabili;<br \/>b) a semplificare le modalit\u00e0 e a ridurre i tempi per il riscontro al richiedente, anche nell\u2019ambito di uffici o servizi preposti alle relazioni con il pubblico.<\/li>\r\n<li>I dati sono estratti a cura del responsabile o degli incaricati e possono essere comunicati al richiedente anche oralmente, ovvero offerti in visione mediante strumenti elettronici, sempre che in tali casi la comprensione dei dati sia agevole, considerata anche la qualit\u00e0 e la quantit\u00e0 delle informazioni. Se vi \u00e8 richiesta, si provvede alla trasposizione dei dati su supporto cartaceo o informatico, ovvero alla loro trasmissione per via telematica.<\/li>\r\n<li>Salvo che la richiesta sia riferita ad un particolare trattamento o a specifici dati personali o categorie di dati personali, il riscontro all\u2019interessato comprende tutti i dati personali che riguardano l\u2019interessato comunque trattati dal titolare. Se la richiesta \u00e8 rivolta ad un esercente una professione sanitaria o ad un organismo sanitario si osserva la disposizione di cui all\u2019articolo 84, comma 1.<\/li>\r\n<li>Quando l\u2019estrazione dei dati risulta particolarmente difficoltosa il riscontro alla richiesta dell\u2019interessato pu\u00f2 avvenire anche attraverso l\u2019esibizione o la consegna in copia di atti e documenti contenenti i dati personali richiesti.<\/li>\r\n<li>Il diritto di ottenere la comunicazione in forma intelligibile dei dati non riguarda dati personali relativi a terzi, salvo che la scomposizione dei dati trattati o la privazione di alcuni elementi renda incomprensibili i dati personali relativi all\u2019interessato.<\/li>\r\n<li>La comunicazione dei dati \u00e8 effettuata in forma intelligibile anche attraverso l\u2019utilizzo di una grafia comprensibile. In caso di comunicazione di codici o sigle sono forniti, anche mediante gli incaricati, i parametri per la comprensione del relativo significato.<\/li>\r\n<li>Quando, a seguito della richiesta di cui all\u2019articolo 7, commi 1 e 2, lettere a), b) e c) non risulta confermata l\u2019esistenza di dati che riguardano l\u2019interessato, pu\u00f2 essere chiesto un contributo spese non eccedente i costi effettivamente sopportati per la ricerca effettuata nel caso specifico.<\/li>\r\n<li>Il contributo di cui al comma 7 non pu\u00f2 comunque superare l\u2019importo determinato dal Garante con provvedimento di carattere generale, che pu\u00f2 individuarlo forfettariamente in relazione al caso in cui i dati sono trattati con strumenti elettronici e la risposta \u00e8 fornita oralmente. Con il medesimo provvedimento il Garante pu\u00f2 prevedere che il contributo possa essere chiesto quando i dati personali figurano su uno speciale supporto del quale \u00e8 richiesta specificamente la riproduzione, oppure quando, presso uno o pi\u00f9 titolari, si determina un notevole impiego di mezzi in relazione alla complessit\u00e0 o all\u2019entit\u00e0 delle richieste ed \u00e8 confermata l\u2019esistenza di dati che riguardano l\u2019interessato.<\/li>\r\n<li>Il contributo di cui ai commi 7 e 8 \u00e8 corrisposto anche mediante versamento postale o bancario, ovvero mediante carta di pagamento o di credito, ove possibile all\u2019atto della ricezione del riscontro e comunque non oltre quindici giorni da tale riscontro.<\/li>\r\n<\/ol>\r\n[\/vc_column_text][\/vc_column][\/vc_row]<\/div>","protected":false},"excerpt":{"rendered":"<p>[vc_row][vc_column][vc_empty_space][vc_column_text animation_delay=&#8221;0&#8243;] Informativa estesa Questa informativa estesa sulla privacy \u00e8 stata redatta e personalizzata appositamente per il presente sito www.memexitaly.it in base a quanto previsto dall\u2019art. 4 del Provvedimento Generale n. 229 dell\u20198 maggio 2014 emanato dal Garante per la protezione dei dati personali e pubblicato sulla G.U. n. 126 del 3 giugno 2014. Essa [&hellip;]<\/p>\n","protected":false},"author":15,"featured_media":0,"parent":0,"menu_order":0,"comment_status":"closed","ping_status":"closed","template":"","meta":{"footnotes":""},"class_list":["post-8378","page","type-page","status-publish","hentry"],"_links":{"self":[{"href":"https:\/\/www.memexitaly.it\/en\/wp-json\/wp\/v2\/pages\/8378","targetHints":{"allow":["GET"]}}],"collection":[{"href":"https:\/\/www.memexitaly.it\/en\/wp-json\/wp\/v2\/pages"}],"about":[{"href":"https:\/\/www.memexitaly.it\/en\/wp-json\/wp\/v2\/types\/page"}],"author":[{"embeddable":true,"href":"https:\/\/www.memexitaly.it\/en\/wp-json\/wp\/v2\/users\/15"}],"replies":[{"embeddable":true,"href":"https:\/\/www.memexitaly.it\/en\/wp-json\/wp\/v2\/comments?post=8378"}],"version-history":[{"count":0,"href":"https:\/\/www.memexitaly.it\/en\/wp-json\/wp\/v2\/pages\/8378\/revisions"}],"wp:attachment":[{"href":"https:\/\/www.memexitaly.it\/en\/wp-json\/wp\/v2\/media?parent=8378"}],"curies":[{"name":"wp","href":"https:\/\/api.w.org\/{rel}","templated":true}]}}